{"id":1138,"date":"2016-11-29T23:45:51","date_gmt":"2016-11-29T23:45:51","guid":{"rendered":"https:\/\/www.sistemaingenieria.com\/?page_id=1138"},"modified":"2024-04-19T10:02:05","modified_gmt":"2024-04-19T10:02:05","slug":"proteccion_de_datos","status":"publish","type":"page","link":"https:\/\/www.sistemaingenieria.com\/pt\/empresa\/proteccion_de_datos\/","title":{"rendered":"Pol\u00edtica de Prote\u00e7\u00e3o de Dados"},"content":{"rendered":"<p>De acordo com as disposi\u00e7\u00f5es da Lei Org\u00e2nica 15\/1999 de 13 de dezembro, sobre Prote\u00e7\u00e3o de Dados de Car\u00e1ter Pessoal e do Decreto Real 1720\/2007, pelo qual seu Regulamento \u00e9 aprovado, informamos que seus dados poder\u00e3o ser inclu\u00eddos em arquivo cuja propriedade \u00e9 da SOCIEDAD DE INGENIER\u00cdA, SERVICIOS DEL TERRITORIO E MEDIO AMBIENTE, SA (SISTEMA INGENIER\u00cdA), com o CIF A3503571.<\/p>\n<p>Os dados que voc\u00ea nos fornece ser\u00e3o usados para atender \u00e0s suas solicita\u00e7\u00f5es, bem como para mant\u00ea-lo informado sobre os nossos servi\u00e7os, atividades e eventos. Ao utilizar nossos formul\u00e1rios, voc\u00ea consente que seus dados sejam processados para tais fins. O n\u00e3o fornecimento de todos os dados solicitados nos formul\u00e1rios poder\u00e1 nos impedir de processar a sua solicita\u00e7\u00e3o. Os campos marcados com um asterisco indicam que \u00e9 obrigat\u00f3rio preench\u00ea-los para poder administrar a sua consulta ou solicita\u00e7\u00e3o.<\/p>\n<p>Ao preencher os respectivos formul\u00e1rios contidos neste site e envi\u00e1-los, voc\u00ea confirma o seu consentimento, de forma expressa e inequ\u00edvoca, para que seus dados fa\u00e7am parte dos arquivos da SISTEMA INGENIER\u00cdA.<\/p>\n<p>Voc\u00ea garante que as informa\u00e7\u00f5es fornecidas s\u00e3o verdadeiras, exatas, completas e que est\u00e3o atualizadas, sendo o respons\u00e1vel por quaisquer danos ou preju\u00edzo direto ou indireto, decorrentes da viola\u00e7\u00e3o desta obriga\u00e7\u00e3o. Se os dados fornecidos corresponderem a um terceiro, voc\u00ea garante que informou ao mesmo sobre o conte\u00fado deste documento e que obteve a sua autoriza\u00e7\u00e3o pr\u00e9via.<\/p>\n<p>Voc\u00ea poder\u00e1 exercer seu direito de acessar, retificar, cancelar e\/ou opor-se ao processamento de seus dados enviando a sua solicita\u00e7\u00e3o, juntamente com uma c\u00f3pia de seu documento de identidade, passaporte ou documento equivalente, ao seguinte endere\u00e7o:<\/p>\n<p>SISTEMA INGENIER\u00cdA<br \/>\nAvda. Rafael Cabrera, 16. 2\u00baB<br \/>\nCP: 35002<br \/>\nLas Palmas de Gran Canaria<br \/>\nEspanha<\/p>\n<p>&nbsp;<\/p>\n<p>Informamos que n\u00e3o cederemos a terceiros as suas informa\u00e7\u00f5es pessoais nem realizaremos transfer\u00eancias internacionais de dados sem o seu consentimento obrigat\u00f3rio, bem como tomaremos as medidas t\u00e9cnicas e pessoais para manter as suas informa\u00e7\u00f5es pessoais protegidas de acordo com a legisla\u00e7\u00e3o sobre Prote\u00e7\u00e3o de Dados em vigor.<\/p>\n<p>Utilizamos redes sociais como, Facebook, Twitter, Google+, Linkedin e outras. Por esses meios, nenhum dado pessoal de usu\u00e1rios ou seguidores ser\u00e1 compartilhado ou comunicado pela SISTEMA INGENIER\u00cdA, embora esses servi\u00e7os utilizem seus dados devido \u00e0s suas caracter\u00edsticas, pelo que recomendamos que voc\u00ea verifique as suas configura\u00e7\u00f5es de seguran\u00e7a em tais redes sociais para que voc\u00ea tenha um controle mais satisfat\u00f3rio de seus dados pessoais.<\/p>\n<p>&nbsp;<\/p>","protected":false},"excerpt":{"rendered":"<p>De acordo com as disposi\u00e7\u00f5es da Lei Org\u00e2nica 15\/1999 de 13 de dezembro, sobre Prote\u00e7\u00e3o de Dados de Car\u00e1ter Pessoal e do Decreto Real 1720\/2007, pelo qual seu Regulamento \u00e9 aprovado, informamos que seus dados poder\u00e3o ser inclu\u00eddos em arquivo cuja propriedade \u00e9 da SOCIEDAD DE INGENIER\u00cdA, SERVICIOS DEL TERRITORIO E MEDIO AMBIENTE, SA (SISTEMA [&hellip;]<\/p>\n","protected":false},"author":3,"featured_media":-1,"parent":61,"menu_order":5,"comment_status":"closed","ping_status":"closed","template":"","meta":{"_acf_changed":false,"footnotes":""},"acf":[],"_links":{"self":[{"href":"https:\/\/www.sistemaingenieria.com\/pt\/wp-json\/wp\/v2\/pages\/1138"}],"collection":[{"href":"https:\/\/www.sistemaingenieria.com\/pt\/wp-json\/wp\/v2\/pages"}],"about":[{"href":"https:\/\/www.sistemaingenieria.com\/pt\/wp-json\/wp\/v2\/types\/page"}],"author":[{"embeddable":true,"href":"https:\/\/www.sistemaingenieria.com\/pt\/wp-json\/wp\/v2\/users\/3"}],"replies":[{"embeddable":true,"href":"https:\/\/www.sistemaingenieria.com\/pt\/wp-json\/wp\/v2\/comments?post=1138"}],"version-history":[{"count":0,"href":"https:\/\/www.sistemaingenieria.com\/pt\/wp-json\/wp\/v2\/pages\/1138\/revisions"}],"up":[{"embeddable":true,"href":"https:\/\/www.sistemaingenieria.com\/pt\/wp-json\/wp\/v2\/pages\/61"}],"wp:featuredmedia":[{"embeddable":true,"href":"https:\/\/www.sistemaingenieria.com\/pt\/wp-json\/"}],"wp:attachment":[{"href":"https:\/\/www.sistemaingenieria.com\/pt\/wp-json\/wp\/v2\/media?parent=1138"}],"curies":[{"name":"wp","href":"https:\/\/api.w.org\/{rel}","templated":true}]}}