{"id":1148,"date":"2016-11-29T23:48:27","date_gmt":"2016-11-29T23:48:27","guid":{"rendered":"https:\/\/www.sistemaingenieria.com\/?page_id=1148"},"modified":"2020-07-09T16:19:25","modified_gmt":"2020-07-09T16:19:25","slug":"politica-de-cookies","status":"publish","type":"page","link":"https:\/\/www.sistemaingenieria.com\/pt\/politica-de-cookies\/","title":{"rendered":"Pol\u00edtica de cookies"},"content":{"rendered":"<p><strong>O que \u00e9 um cookie?<\/strong><\/p>\n<p>Um cookie \u00e9 um arquivo que \u00e9 baixado em seu computador quando voc\u00ea acessa determinadas p\u00e1ginas da web. Os cookies permitem que uma p\u00e1gina da Web, dentre outras coisas, armazene e recupere informa\u00e7\u00f5es sobre os h\u00e1bitos de navega\u00e7\u00e3o de um usu\u00e1rio ou de seus equipamentos e, dependendo das informa\u00e7\u00f5es que eles contenham e da forma como voc\u00ea utiliza seu equipamento, eles podem ser usados para reconhecer o usu\u00e1rio.<\/p>\n<p><strong>Que tipo de cookies utiliza a SISTEMA INGENIER\u00cdA?<\/strong><\/p>\n<ul>\n<li>Cookies pr\u00f3prios: S\u00e3o aqueles que s\u00e3o enviados para o equipamento terminal do usu\u00e1rio a partir de um computador ou dom\u00ednio gerenciado pelo pr\u00f3prio editor e do qual o servi\u00e7o solicitado \u00e9 prestado ao usu\u00e1rio.<\/li>\n<li>Cookies de terceiros: S\u00e3o aqueles que s\u00e3o enviados para o equipamento terminal do usu\u00e1rio a partir de um computador ou dom\u00ednio que n\u00e3o \u00e9 gerenciado pelo editor, mas por outra entidade que processa os dados obtidos por meio de cookies.<\/li>\n<li>Cookies de sess\u00e3o: S\u00e3o tempor\u00e1rios e permanecem at\u00e9 que a p\u00e1gina web seja abandonada.<\/li>\n<li>Cookies persistentes: S\u00e3o armazenados no disco r\u00edgido do dispositivo e o nosso site os l\u00ea cada vez voc\u00ea faz uma nova visita a esse site; possui uma data de caducidade ou de expira\u00e7\u00e3o determinada, que uma vez cumprida o cookie deixa de funcionar. Nos permitem identificar as sua a\u00e7\u00f5es e prefer\u00eancias; analisar as visitas e nos ajudam a compreender como a nossa p\u00e1gina chega at\u00e9 os usu\u00e1rios e para melhorar os nossos servi\u00e7os.<\/li>\n<li>Cookies de an\u00e1lise: Permitem analisar o n\u00famero de usu\u00e1rios para a realiza\u00e7\u00e3o de estat\u00edsticas relacionadas com a utiliza\u00e7\u00e3o da p\u00e1gina web pelos mesmos.<\/li>\n<li>Cookies de personaliza\u00e7\u00e3o: Permitem o acesso ao servi\u00e7o com caracter\u00edsticas predefinidas de acordo com o usu\u00e1rio, o navegador utilizado, a configura\u00e7\u00e3o regional, etc.<\/li>\n<\/ul>\n<p>Estes s\u00e3o os cookies que voc\u00ea poder\u00e1 encontrar durante a navega\u00e7\u00e3o em nosso site.<\/p>\n<table width=\"975\">\n<tbody>\n<tr>\n<td width=\"77\">\n<p style=\"text-align: center;\">Cookie<\/p>\n<\/td>\n<td style=\"text-align: center;\" width=\"111\">Dom\u00ednio<\/td>\n<td style=\"text-align: center;\" width=\"128\">Entidade respons\u00e1vel<\/td>\n<td style=\"text-align: center;\" width=\"68\">Caducidade<\/td>\n<td style=\"text-align: center;\" width=\"288\">Descri\u00e7\u00e3o<\/td>\n<td width=\"303\">\n<p style=\"text-align: center;\">Informa\u00e7\u00e3o sobre os cookies do respons\u00e1vel<\/p>\n<\/td>\n<\/tr>\n<tr>\n<td width=\"77\">_ga<\/td>\n<td width=\"111\">.facebook.com<\/td>\n<td width=\"128\">Facebook<\/td>\n<td width=\"68\">Dois anos<\/td>\n<td width=\"288\">Cookie do Google. Utiliza um identificador an\u00f4nimo para distinguir usu\u00e1rios an\u00f4nimos e realizar an\u00e1lises sobre as intera\u00e7\u00f5es dos usu\u00e1rios no aplicativo com o objetivo de otimizar os servi\u00e7os oferecidos. Tem uma dura\u00e7\u00e3o de dois anos.<\/td>\n<td rowspan=\"12\" width=\"303\"><u><a href=\"https:\/\/www.facebook.com\/policies\/cookies\/\">https:\/\/www.facebook.com\/policies\/cookies\/<\/a><\/u><\/td>\n<\/tr>\n<tr>\n<td width=\"77\">act<\/td>\n<td width=\"111\">.facebook.com<\/td>\n<td width=\"128\">Facebook<\/td>\n<td width=\"68\">De sess\u00e3o<\/td>\n<td width=\"288\">Permite a integra\u00e7\u00e3o com o Facebook.<\/td>\n<\/tr>\n<tr>\n<td width=\"77\">c_user<\/td>\n<td width=\"111\">.facebook.com<\/td>\n<td width=\"128\">Facebook<\/td>\n<td width=\"68\">tr\u00eas meses<\/td>\n<td width=\"288\">Identifica\u00e7\u00e3o do usu\u00e1rio para compartilhar conte\u00fado na rede social. Esse cookie \u00e9 utilizado pelo Facebook para verificar o seu ID de usu\u00e1rio e permite que os usu\u00e1rios cliquem em &#8220;Curtir&#8221; nas p\u00e1ginas sem precisar fazer login. Os cookies do Facebook s\u00f3 existem se voc\u00ea j\u00e1 tiver efetuado login no Facebook.<\/td>\n<\/tr>\n<tr>\n<td width=\"77\">csm<\/td>\n<td width=\"111\">.facebook.com<\/td>\n<td width=\"128\">Facebook<\/td>\n<td width=\"68\">tr\u00eas meses<\/td>\n<td width=\"288\">Identifica\u00e7\u00e3o do usu\u00e1rio para compartilhar conte\u00fado na rede social. Este \u00e9 um dos cookies do Facebook que fazem funcionar o bot\u00e3o &#8220;Curtir&#8221; para que voc\u00ea possa compartilhar o conte\u00fado do nosso site na sua p\u00e1gina do Facebook. Os cookies do Facebook s\u00f3 existem se voc\u00ea j\u00e1 tiver efetuado login no Facebook.<\/td>\n<\/tr>\n<tr>\n<td width=\"77\">datr<\/td>\n<td width=\"111\">.facebook.com<\/td>\n<td width=\"128\">Facebook<\/td>\n<td width=\"68\">Dois anos<\/td>\n<td width=\"288\">Identifica\u00e7\u00e3o do usu\u00e1rio na rede social. O cookie datr \u00e9 criado quando um navegador da web acessa o facebook.com (por exemplo, quando um usu\u00e1rio clica no bot\u00e3o &#8220;Curtir&#8221;). Ajuda o Facebook a identificar logins suspeitos e mant\u00e9m os usu\u00e1rios seguros. Os cookies do Facebook s\u00f3 existem se voc\u00ea j\u00e1 tiver efetuado login no Facebook.<\/td>\n<\/tr>\n<tr>\n<td width=\"77\">fr<\/td>\n<td width=\"111\">.facebook.com<\/td>\n<td width=\"128\">Facebook<\/td>\n<td width=\"68\">tr\u00eas meses<\/td>\n<td width=\"288\">Identifica\u00e7\u00e3o do usu\u00e1rio na rede social. Voc\u00ea tem duas partes: A primeira parte do arquivo cookie \u00e9 um identificador do navegador, que \u00e9 utilizado para identificar o navegador da web. A segunda parte do arquivo cookie \u00e9 uma vers\u00e3o criptografada do ID de usu\u00e1rio registrado no Facebook. A identifica\u00e7\u00e3o do usu\u00e1rio \u00e9 novamente criptografada a cada hora com um valor diferente.<\/td>\n<\/tr>\n<tr>\n<td width=\"77\">lu<\/td>\n<td width=\"111\">.facebook.com<\/td>\n<td width=\"128\">Facebook<\/td>\n<td width=\"68\">Dois anos<\/td>\n<td width=\"288\">Identifica\u00e7\u00e3o do usu\u00e1rio na rede social. Em computadores de usu\u00e1rios individuais, o Facebook usa o cookie &#8216;lu&#8217; para preencher automaticamente o endere\u00e7o de e-mail do usu\u00e1rio na p\u00e1gina de login, caso n\u00e3o tenha feito o logout explicitamente. Os cookies do Facebook s\u00f3 existem se voc\u00ea j\u00e1 tiver efetuado login no Facebook.Um contador que cont\u00e9m o n\u00famero de vezes consecutivas que o mesmo usu\u00e1rio efetuou login a partir Deste navegador e n\u00e3o foi explicitamente conectado<\/td>\n<\/tr>\n<tr>\n<td width=\"77\">p<\/td>\n<td width=\"111\">.facebook.com<\/td>\n<td width=\"128\">Facebook<\/td>\n<td width=\"68\">De sess\u00e3o<\/td>\n<td width=\"288\">Esse cookie \u00e9 conhecido como a parti\u00e7\u00e3o do canal do usu\u00e1rio e \u00e9 exigido por muitos recursos do site, especialmente bate-papo e notifica\u00e7\u00f5es.<\/td>\n<\/tr>\n<tr>\n<td width=\"77\">presence<\/td>\n<td width=\"111\">.facebook.com<\/td>\n<td width=\"128\">Facebook<\/td>\n<td width=\"68\">De sess\u00e3o<\/td>\n<td width=\"288\">O cookie de presen\u00e7a \u00e9 utilizado para conter o status de bate-papo do usu\u00e1rio<\/td>\n<\/tr>\n<tr>\n<td width=\"77\">s<\/td>\n<td width=\"111\">.facebook.com<\/td>\n<td width=\"128\">Facebook<\/td>\n<td width=\"68\">90 dias<\/td>\n<td width=\"288\">Permite a integra\u00e7\u00e3o com o Facebook<\/td>\n<\/tr>\n<tr>\n<td width=\"77\">sb<\/td>\n<td width=\"111\">.facebook.com<\/td>\n<td width=\"128\">Facebook<\/td>\n<td width=\"68\">Dois anos<\/td>\n<td width=\"288\">Permite a integra\u00e7\u00e3o com o Facebook<\/td>\n<\/tr>\n<tr>\n<td width=\"77\">xs<\/td>\n<td width=\"111\">.facebook.com<\/td>\n<td width=\"128\">Facebook<\/td>\n<td width=\"68\">90 dias<\/td>\n<td width=\"288\">\u00c9 composto de quatro partes. Este \u00e9 um cookie instalado pelo Facebook. Ele cria um ID exclusivo para cada visita. Os cookies do Facebook s\u00f3 existem se voc\u00ea j\u00e1 tiver efetuado login. Este \u00e9 um cookie instalado pelo Facebook. Ele cria um ID exclusivo para cada visita. Os cookies do Facebook s\u00f3 existem se voc\u00ea j\u00e1 tiver efetuado login no Facebook.<\/td>\n<\/tr>\n<tr>\n<td width=\"77\">__stacxiommap<\/td>\n<td width=\"111\">.sharethis.com<\/td>\n<td width=\"128\">Sharte This<\/td>\n<td width=\"68\">Um dia<\/td>\n<td width=\"288\">Conhecer a intera\u00e7\u00e3o e rela\u00e7\u00e3o entre a p\u00e1gina web e as redes sociais do usu\u00e1rio que a est\u00e1 visitando, facilitando assim que ele possa compartilhar o conte\u00fado das mesmas com suas contas de usu\u00e1rio.<\/td>\n<td rowspan=\"8\" width=\"303\"><u><a href=\"http:\/\/www.sharethis.com\/privacy\/\">http:\/\/www.sharethis.com\/privacy\/<\/a><\/u><\/td>\n<\/tr>\n<tr>\n<td width=\"77\">__stamap<\/td>\n<td width=\"111\">.sharethis.com<\/td>\n<td width=\"128\">Sharte This<\/td>\n<td width=\"68\">Uma semana<\/td>\n<td width=\"288\">Conhecer a intera\u00e7\u00e3o e rela\u00e7\u00e3o entre a p\u00e1gina web e as redes sociais do usu\u00e1rio que a est\u00e1 visitando, facilitando assim que ele possa compartilhar o conte\u00fado das mesmas com suas contas de usu\u00e1rio.<\/td>\n<\/tr>\n<tr>\n<td width=\"77\">__stdlxmap<\/td>\n<td width=\"111\">.sharethis.com<\/td>\n<td width=\"128\">Sharte This<\/td>\n<td width=\"68\">Uma semana<\/td>\n<td width=\"288\">Conhecer a intera\u00e7\u00e3o e rela\u00e7\u00e3o entre a p\u00e1gina web e as redes sociais do usu\u00e1rio que a est\u00e1 visitando, facilitando assim que ele possa compartilhar o conte\u00fado das mesmas com suas contas de usu\u00e1rio.<\/td>\n<\/tr>\n<tr>\n<td width=\"77\">__stgmap<\/td>\n<td width=\"111\">.sharethis.com<\/td>\n<td width=\"128\">Sharte This<\/td>\n<td width=\"68\">Uma semana<\/td>\n<td width=\"288\">Conhecer a intera\u00e7\u00e3o e rela\u00e7\u00e3o entre a p\u00e1gina web e as redes sociais do usu\u00e1rio que a est\u00e1 visitando, facilitando assim que ele possa compartilhar o conte\u00fado das mesmas com suas contas de usu\u00e1rio.<\/td>\n<\/tr>\n<tr>\n<td width=\"77\">__stid<\/td>\n<td width=\"111\">.sharethis.com<\/td>\n<td width=\"128\">Sharte This<\/td>\n<td width=\"68\">Um ano<\/td>\n<td width=\"288\">Conhecer a intera\u00e7\u00e3o e rela\u00e7\u00e3o entre a p\u00e1gina web e as redes sociais do usu\u00e1rio que a est\u00e1 visitando, facilitando assim que ele possa compartilhar o conte\u00fado das mesmas com suas contas de usu\u00e1rio.<\/td>\n<\/tr>\n<tr>\n<td width=\"77\">__uset<\/td>\n<td width=\"111\">.sharethis.com<\/td>\n<td width=\"128\">Sharte This<\/td>\n<td width=\"68\">Um dia<\/td>\n<td width=\"288\">Conhecer a intera\u00e7\u00e3o e rela\u00e7\u00e3o entre a p\u00e1gina web e as redes sociais do usu\u00e1rio que a est\u00e1 visitando, facilitando assim que ele possa compartilhar o conte\u00fado das mesmas com suas contas de usu\u00e1rio.<\/td>\n<\/tr>\n<tr>\n<td width=\"77\">PX_PxcelPage<\/td>\n<td width=\"111\">.t.sharethis.com<\/td>\n<td width=\"128\">Sharte This<\/td>\n<td width=\"68\">De sess\u00e3o<\/td>\n<td width=\"288\">\u00a0Este cookie pode ser utilizado para fazer um rastreamento de suas atividades atrav\u00e9s de diversos sites. \u00c9 v\u00e1lido somente durante a sess\u00e3o atual do navegador e \u00e9 exclu\u00eddo quando o navegador \u00e9 fechado<\/td>\n<\/tr>\n<tr>\n<td width=\"77\">__unam<\/td>\n<td width=\"111\">.sistemaingenieria.com<\/td>\n<td width=\"128\">Sharte This<\/td>\n<td width=\"68\">Um ano<\/td>\n<td width=\"288\">Conhecer a intera\u00e7\u00e3o e rela\u00e7\u00e3o entre a p\u00e1gina web e as redes sociais do usu\u00e1rio que a est\u00e1 visitando, facilitando assim que ele possa compartilhar o conte\u00fado das mesmas com suas contas de usu\u00e1rio.<\/td>\n<\/tr>\n<\/tbody>\n<\/table>\n<p>Nota: Esta lista ser\u00e1 atualizada o mais breve poss\u00edvel no caso de altera\u00e7\u00f5es que envolvam a inclus\u00e3o de novos cookies ou a exclus\u00e3o dos anteriores. Durante este per\u00edodo de atualiza\u00e7\u00e3o, pode ocorrer que todos os cookies poder\u00e3o n\u00e3o ser contemplados.<\/p>\n<p>Voc\u00ea poder\u00e1 permitir, bloquear ou eliminar os cookies instalados em seu computador, configurando as op\u00e7\u00f5es do navegador\u00a0instalado em seu computador. Ao clicar nos nomes de navegadores a seguir, voc\u00ea encontrar\u00e1 as informa\u00e7\u00f5es necess\u00e1rias para gerenciar os Cookies.<\/p>\n<ul>\n<li><a href=\"https:\/\/support.google.com\/accounts\/answer\/61416?hl=es\">Google Chrome<\/a><\/li>\n<li><a href=\"https:\/\/support.microsoft.com\/es-es\/help\/17442\/windows-internet-explorer-delete-manage-cookies#ie=ie-11\">Internet Explorer<\/a><\/li>\n<li><a href=\"https:\/\/support.mozilla.org\/es\/kb\/habilitar-y-deshabilitar-cookies-sitios-web-rastrear-preferencias?redirectlocale=es&amp;redirectslug=habilitar-y-deshabilitar-cookies-que-los-sitios-we\">Mozilla Firefox<\/a><\/li>\n<li><a href=\"https:\/\/support.apple.com\/es-es\/HT201265\">Safari<\/a><\/li>\n<li><a href=\"http:\/\/help.opera.com\/Windows\/11.50\/es-ES\/cookies.html\">Opera<\/a><\/li>\n<\/ul>\n<p><\/p>","protected":false},"excerpt":{"rendered":"<p>O que \u00e9 um cookie? Um cookie \u00e9 um arquivo que \u00e9 baixado em seu computador quando voc\u00ea acessa determinadas p\u00e1ginas da web. Os cookies permitem que uma p\u00e1gina da Web, dentre outras coisas, armazene e recupere informa\u00e7\u00f5es sobre os h\u00e1bitos de navega\u00e7\u00e3o de um usu\u00e1rio ou de seus equipamentos e, dependendo das informa\u00e7\u00f5es que [&hellip;]<\/p>\n","protected":false},"author":3,"featured_media":-1,"parent":0,"menu_order":8,"comment_status":"closed","ping_status":"closed","template":"","meta":{"_acf_changed":false,"footnotes":""},"acf":[],"_links":{"self":[{"href":"https:\/\/www.sistemaingenieria.com\/pt\/wp-json\/wp\/v2\/pages\/1148"}],"collection":[{"href":"https:\/\/www.sistemaingenieria.com\/pt\/wp-json\/wp\/v2\/pages"}],"about":[{"href":"https:\/\/www.sistemaingenieria.com\/pt\/wp-json\/wp\/v2\/types\/page"}],"author":[{"embeddable":true,"href":"https:\/\/www.sistemaingenieria.com\/pt\/wp-json\/wp\/v2\/users\/3"}],"replies":[{"embeddable":true,"href":"https:\/\/www.sistemaingenieria.com\/pt\/wp-json\/wp\/v2\/comments?post=1148"}],"version-history":[{"count":0,"href":"https:\/\/www.sistemaingenieria.com\/pt\/wp-json\/wp\/v2\/pages\/1148\/revisions"}],"wp:featuredmedia":[{"embeddable":true,"href":"https:\/\/www.sistemaingenieria.com\/pt\/wp-json\/"}],"wp:attachment":[{"href":"https:\/\/www.sistemaingenieria.com\/pt\/wp-json\/wp\/v2\/media?parent=1148"}],"curies":[{"name":"wp","href":"https:\/\/api.w.org\/{rel}","templated":true}]}}