{"id":302,"date":"2012-11-29T14:03:53","date_gmt":"2012-11-29T14:03:53","guid":{"rendered":"https:\/\/www.sistemaingenieria.com\/?page_id=302"},"modified":"2025-06-03T08:39:39","modified_gmt":"2025-06-03T08:39:39","slug":"politica-integrada-de-gestion","status":"publish","type":"page","link":"https:\/\/www.sistemaingenieria.com\/pt\/empresa\/valores-empresariales\/politica-integrada-de-gestion\/","title":{"rendered":"Pol\u00edtica Integrada de Gest\u00e3o"},"content":{"rendered":"<div class=\"wpb-content-wrapper\"><p>[vc_row][vc_column][vc_column_text css=&#8221;&#8221;]La Sociedad de Ingenier\u00eda, Servicios del Territorio y Medio Ambiente, SISTEMA, S.A., es una consultora de ingenier\u00eda independiente de car\u00e1cter profesional dedicada a la prestaci\u00f3n de servicios relacionados con la Ingenier\u00eda del Transporte, Ingenier\u00eda de Agua, Ingenier\u00eda Mar\u00edtimo-Costera, Ingenier\u00eda de Estructuras, Ingenier\u00eda Ambiental, Ingenier\u00eda del Terreno, Subterr\u00e1nea y Miner\u00eda, Instalaciones, Industria y Energ\u00eda y Planeamiento, Urbanismo y Arquitectura.<\/p>\n<p>El alcance del Sistena de Gesti\u00f3n Ambiental implantado en SISTEMA S.A., es \u201cEl dise\u00f1o y redacci\u00f3n de estudios y proyectos de ingenier\u00eda civil (infraestructuras viarias, aeroportuarias, ferroviarias e hidr\u00e1ulicas), puertos y costas, obras subterr\u00e1neas, urbanismo y medio ambiente. La prestaci\u00f3n de servicios de asistencia para el control supervisi\u00f3n y vigilancia de obras civiles, direcci\u00f3n de obras p\u00fablicas y coordinaci\u00f3n de seguridad y salud\u201d.<\/p>\n<p>La Direcci\u00f3n General expresa las intenciones globales y la orientaci\u00f3n de SISTEMA, S.A. relativas a la calidad y al medio ambiente, mediante la declaraci\u00f3n de la Pol\u00edtica de Calidad y Ambiental, a trav\u00e9s de los siguientes principios:<\/p>\n<ul>\n<li>Desarrollar e implantar el Sistema Integrado de Gesti\u00f3n de Calidad y Ambiental (en adelante<br \/>\nSIG), que garantice el cumplimiento de las normas UNE-EN-ISO 9001:2015 y UNE-EN-ISO<br \/>\n14001:2015, y sus posteriores actualizaciones.<\/li>\n<li>Cumplir la legislaci\u00f3n y la reglamentaci\u00f3n aplicable y cualesquiera otros requisitos que resulten igualmente preceptivos respecto al desempe\u00f1o de los procesos y actividades desarrolladas por SISTEMA, S.A., y los servicios realizados por esta.<\/li>\n<li>Promover la mejora continua de los procesos, gestionando las actividades y recursos de SISTEMA, S.A., como si de un proceso se tratara, posibilitando la obtenci\u00f3n m\u00e1s eficiente de resultados coherentes, planificando con criterios ambientales las actuaciones que repercutan en el medio ambiente y utilizando la tecnolog\u00eda disponible y econ\u00f3micamente viable, en orden a prevenir la contaminaci\u00f3n derivada de aquella.<\/li>\n<li>Comunicar a todo el personal de SISTEMA, S.A. y a quienes trabajen en su nombre la Pol\u00edtica Integrada de Gesti\u00f3n, instruyendo y sensibilizando a dicho personal, mediante las oportunas sesiones de formaci\u00f3n, garantizando una comunicaci\u00f3n fluida con el personal de SISTEMA, S.A., en materia de Calidad y Ambiental., con el fin de aumentar la eficacia del SIG.<\/li>\n<li>Ser un marco de referencia para el establecimiento de los objetivos del SIG.<\/li>\n<li>El liderazgo, como manifestaci\u00f3n de la unidad de prop\u00f3sito y la orientaci\u00f3n de SISTEMA, S.A., debe llegar a los diferentes niveles de \u00e9sta, lo cual implica crear un ambiente interno que facilite al personal la consecuci\u00f3n de los objetivos establecidos, ya que la identificaci\u00f3n, el conocimiento y la gesti\u00f3n de los procesos interrelacionados que desarrolla SISTEMA, S.A., contribuyen a la eficacia de la organizaci\u00f3n en el logro de sus objetivos.<\/li>\n<li>Tener a disposici\u00f3n de las partes interesadas, y del p\u00fablico en general, la Pol\u00edtica Integrada de Gesti\u00f3n de SISTEMA, S.A.<\/li>\n<li>Establecer requisitos de Calidad y Ambientales para las compras a efectuar por SISTEMA, S.A., seleccionando aquellos productos en funci\u00f3n de la calidad y que, con iguales prestaciones, aporten durante su ciclo de vida, la mejor defensa del medio ambiente.<\/li>\n<li>Gestionar los residuos con el criterio de minimizaci\u00f3n en origen, atendiendo a la reutilizaci\u00f3n o reciclado de los mismos, y, cuando esto no fuere posible, procurarles un destino final, acorde con la mayor protecci\u00f3n del medio ambiente y la prevenci\u00f3n de la prevenci\u00f3n de la contaminaci\u00f3n.<\/li>\n<li>Por \u00faltimo se desarrolla un seguimiento relativo a la satisfacci\u00f3n del cliente y desempe\u00f1o ambiental, para as\u00ed mantener la mejora continua del SIG para la mejora del desempe\u00f1o.<\/li>\n<\/ul>\n<p>Esta pol\u00edtica est\u00e1 en consonancia con los valores de nuestra empresa y es conocida, comprendida y desarrollada por todos los que forman parte de ella.<\/p>\n<p>Su implantaci\u00f3n es objetivo fundamental de la Direcci\u00f3n y es responsabilidad de todos los empleados.<\/p>\n<p>Eduardo S\u00e1nchez G\u00f3mez<\/p>\n<p>Director General<\/p>\n<p>Las Palmas de Gran Canaria, a 11 de febrero de 2025[\/vc_column_text][\/vc_column][\/vc_row]<\/p>\n<\/div>","protected":false},"excerpt":{"rendered":"<p>[vc_row][vc_column][vc_column_text css=&#8221;&#8221;]La Sociedad de Ingenier\u00eda, Servicios del Territorio y Medio Ambiente, SISTEMA, S.A., es una consultora de ingenier\u00eda independiente de car\u00e1cter profesional dedicada a la prestaci\u00f3n de servicios relacionados con la Ingenier\u00eda del Transporte, Ingenier\u00eda de Agua, Ingenier\u00eda Mar\u00edtimo-Costera, Ingenier\u00eda de Estructuras, Ingenier\u00eda Ambiental, Ingenier\u00eda del Terreno, Subterr\u00e1nea y Miner\u00eda, Instalaciones, Industria y Energ\u00eda y [&hellip;]<\/p>\n","protected":false},"author":1,"featured_media":-1,"parent":73993,"menu_order":2,"comment_status":"closed","ping_status":"closed","template":"","meta":{"_acf_changed":false,"footnotes":""},"acf":[],"_links":{"self":[{"href":"https:\/\/www.sistemaingenieria.com\/pt\/wp-json\/wp\/v2\/pages\/302"}],"collection":[{"href":"https:\/\/www.sistemaingenieria.com\/pt\/wp-json\/wp\/v2\/pages"}],"about":[{"href":"https:\/\/www.sistemaingenieria.com\/pt\/wp-json\/wp\/v2\/types\/page"}],"author":[{"embeddable":true,"href":"https:\/\/www.sistemaingenieria.com\/pt\/wp-json\/wp\/v2\/users\/1"}],"replies":[{"embeddable":true,"href":"https:\/\/www.sistemaingenieria.com\/pt\/wp-json\/wp\/v2\/comments?post=302"}],"version-history":[{"count":1,"href":"https:\/\/www.sistemaingenieria.com\/pt\/wp-json\/wp\/v2\/pages\/302\/revisions"}],"predecessor-version":[{"id":76489,"href":"https:\/\/www.sistemaingenieria.com\/pt\/wp-json\/wp\/v2\/pages\/302\/revisions\/76489"}],"up":[{"embeddable":true,"href":"https:\/\/www.sistemaingenieria.com\/pt\/wp-json\/wp\/v2\/pages\/73993"}],"wp:featuredmedia":[{"embeddable":true,"href":"https:\/\/www.sistemaingenieria.com\/pt\/wp-json\/"}],"wp:attachment":[{"href":"https:\/\/www.sistemaingenieria.com\/pt\/wp-json\/wp\/v2\/media?parent=302"}],"curies":[{"name":"wp","href":"https:\/\/api.w.org\/{rel}","templated":true}]}}