{"id":76131,"date":"2021-02-11T18:39:44","date_gmt":"2021-02-11T18:39:44","guid":{"rendered":"https:\/\/www.sistemaingenieria.com\/?page_id=76131"},"modified":"2024-04-19T10:01:50","modified_gmt":"2024-04-19T10:01:50","slug":"manual-del-codigo-etico-y-de-conducta","status":"publish","type":"page","link":"https:\/\/www.sistemaingenieria.com\/pt\/empresa\/valores-empresariales\/manual-del-codigo-etico-y-de-conducta\/","title":{"rendered":"Manual del C\u00f3digo \u00c9tico y de Conducta"},"content":{"rendered":"<p class=\"p1\"><b>1. C\u00d3DIGO \u00c9TICO Y DE CONDUCTA<span class=\"Apple-converted-space\">\u00a0<\/span><\/b><\/p>\n<p class=\"p1\">El C\u00f3digo \u00c9tico y de conducta, tiene como finalidad propagar a los empleados, clientes y socios, los principales valores de SISTEMA S.A. para<span class=\"Apple-converted-space\">\u00a0<\/span>el desarrollo de su actividad.<span class=\"Apple-converted-space\">\u00a0<\/span><\/p>\n<p class=\"p2\">La empresa SISTEMA S.A. desde sus inicios, su reto es contribuir los servicios adecuados y necesarios para sus empleados, clientes y socios.<span class=\"Apple-converted-space\">\u00a0<\/span><\/p>\n<p class=\"p2\">SISTEMA S.A. desarrolla sus actividades con el respeto a la legislaci\u00f3n, a los valores \u00e9ticos y respeto a cualesquiera el \u00e1mbito de vinculaci\u00f3n.<span class=\"Apple-converted-space\">\u00a0<\/span><\/p>\n<p class=\"p2\">Este c\u00f3digo se aplica a todos los que dispongan de vinculaci\u00f3n alguna con SISTEMA S.A. los profesionales representantes de la empresa, tanto internos como externos, a los que les es de aplicaci\u00f3n otro C\u00f3digo \u00c9tico o de Conducta tanto nacionales o internacionales, asumen el compromiso de cumplir el presente c\u00f3digo \u00e9tico.<span class=\"Apple-converted-space\">\u00a0<\/span><\/p>\n<p class=\"p2\">El c\u00f3digo \u00e9tico y de conducta, no abarca todas las posibles situaciones, sino que establece los criterios necesarios para la orientaci\u00f3n de la conducta de todos los profesionales vinculados.<span class=\"Apple-converted-space\">\u00a0<\/span><\/p>\n<p class=\"p2\">El desarrollo del C\u00f3digo \u00c9tico y de Conducta parte de las siguientes consideraciones fundamentales:<span class=\"Apple-converted-space\">\u00a0<\/span><\/p>\n<ol class=\"ol1\">\n<li class=\"li3\">El C\u00f3digo \u00c9tico y de Conducta, requiere de compromiso de todos los profesionales de SISTEMA S.A.<span class=\"Apple-converted-space\">\u00a0<\/span><\/li>\n<li class=\"li3\">Es necesario indagar el ambiente id\u00f3neo para la realizaci\u00f3n de las funciones labores.<span class=\"Apple-converted-space\">\u00a0<\/span><\/li>\n<li class=\"li2\">La igualdad de aplicaci\u00f3n a todas los niveles jer\u00e1rquicos.<span class=\"Apple-converted-space\">\u00a0<\/span><\/li>\n<\/ol>\n<p class=\"p1\"><b>2. RESPONSABILIDAD DE LA DIRECCI\u00d3N<span class=\"Apple-converted-space\">\u00a0<\/span><\/b><\/p>\n<p class=\"p1\">El Gesto \u00c9tico, al cual se nombra en SISTEMA S.A. Tiene acceso a toda la informaci\u00f3n, documentaci\u00f3n e instalaciones de SISTEMA S.A. facilitando el ejercicio de sus funciones. Todos los empleados y socios deben colaborar cuando les sea requerido.<span class=\"Apple-converted-space\">\u00a0<\/span><\/p>\n<p class=\"p1\">Las funciones del Gestor \u00c9tico son:<span class=\"Apple-converted-space\">\u00a0<\/span><\/p>\n<ol class=\"ol1\">\n<li class=\"li2\">La difusi\u00f3n del contenido del C\u00f3digo \u00c9tico.<span class=\"Apple-converted-space\">\u00a0<\/span><\/li>\n<li class=\"li2\">Velar por su cumplimiento.<span class=\"Apple-converted-space\">\u00a0<\/span><\/li>\n<li class=\"li2\">Resolver las dudas relacionadas al C\u00f3digo \u00c9tico.<span class=\"Apple-converted-space\">\u00a0<\/span><\/li>\n<li class=\"li1\">Comprobaci\u00f3n y resoluci\u00f3n de las denuncias.<span class=\"Apple-converted-space\">\u00a0<\/span><\/li>\n<\/ol>\n<p class=\"p1\"><b>3. C\u00d3DIGO \u00c9TICO<span class=\"Apple-converted-space\">\u00a0<\/span><\/b><\/p>\n<p class=\"p1\">El c\u00f3digo \u00e9tico son los valores corporativos y los compromisos asumidos para difundir y consolidar los comportamientos \u00e9ticos de los profesionales con cualquier relaci\u00f3n con la empresa.<span class=\"Apple-converted-space\">\u00a0<\/span><\/p>\n<p class=\"p1\">Los valores \u00e9ticos de actuaci\u00f3n de los profesionales que componen SISTEMA S.A. se fundamentan en los siguientes principios:<span class=\"Apple-converted-space\">\u00a0<\/span><\/p>\n<p class=\"p1\"><b>3.1. Compromiso<span class=\"Apple-converted-space\">\u00a0<\/span><\/b><\/p>\n<p class=\"p1\">En SISTEMA S.A. Se considera como fundamental el respeto en la sociedad y en el entorno laboral. As\u00ed como, se implora la contrataci\u00f3n de las personas independientemente de su sexo, religi\u00f3n, cultura, ideolog\u00eda pol\u00edtica, etnia o cualquier otro aspecto que puede ser objeto de segregaci\u00f3n, teniendo solo en cuenta para la contrataci\u00f3n el talento de cada profesional, sin considerar su situaci\u00f3n familiar.<span class=\"Apple-converted-space\">\u00a0<\/span><\/p>\n<p class=\"p1\">Partiendo de la no cuestionabilidad de que toda persona tiene derecho a un ambiente digno y respetuoso, el libre desarrollo de su personalidad, la integridad f\u00edsica y moral.<span class=\"Apple-converted-space\">\u00a0<\/span><\/p>\n<p class=\"p1\">Cualquier actitud o comportamiento de acoso sexual, acoso moral, o por raz\u00f3n sexual en el puesto laboral supone un atentado contra la dignidad del profesional.<span class=\"Apple-converted-space\">\u00a0<\/span><\/p>\n<p class=\"p1\"><b>3.2. Honradez e integridad.<span class=\"Apple-converted-space\">\u00a0<\/span><\/b><\/p>\n<p class=\"p1\">Este principio implica la ejecuci\u00f3n del conjunto de labores, con honradez, responsabilidad, dignidad, solidaridad, coherencia y respeto a todos los clientes, socios y profesionales vinculados a la empresa. Adem\u00e1s de no admitir conductas il\u00edcitas.<span class=\"Apple-converted-space\">\u00a0<\/span><\/p>\n<p class=\"p1\"><b>3.3. Profesionalidad.<span class=\"Apple-converted-space\">\u00a0<\/span><\/b><\/p>\n<p class=\"p1\">La calidad de los servicios es imprescindible, as\u00ed como, el cumplimiento de los plazos y costes acordados.<span class=\"Apple-converted-space\">\u00a0<\/span><\/p>\n<p class=\"p1\">Para ampliar el v\u00ednculo y satisfacci\u00f3n de los clientes y socios, se persiguen las siguientes bases:<span class=\"Apple-converted-space\">\u00a0<\/span><\/p>\n<ol class=\"ol1\">\n<li class=\"li2\">a. La calidad es continuamente mejorable en todas las actividades.<span class=\"Apple-converted-space\">\u00a0<\/span><\/li>\n<li class=\"li2\">b. Participar en los programas de mejora de calidad.<span class=\"Apple-converted-space\">\u00a0<\/span><\/li>\n<li class=\"li1\">c. Es de responsabilidad conjunta la mejora de la calidad de los servicios.<span class=\"Apple-converted-space\">\u00a0<\/span><\/li>\n<\/ol>\n<p class=\"p1\">Adem\u00e1s se debe actuar con esp\u00edritu de equipo para lograr un clima id\u00f3neo de trabajo.<span class=\"Apple-converted-space\">\u00a0<\/span><\/p>\n<p class=\"p1\"><b>3.4. Transparencia.<span class=\"Apple-converted-space\">\u00a0<\/span><\/b><\/p>\n<p class=\"p1\">Toda informaci\u00f3n emitida por los componentes de la empresa, deben garantizar la veracidad de la informaci\u00f3n en cumplimiento de sus funciones, en los casos de posibles dudas, se debe comprobar la veracidad de la informaci\u00f3n.<span class=\"Apple-converted-space\">\u00a0<\/span><\/p>\n<p class=\"p4\"><span class=\"s1\">Es de responsabilidad del conjunto de profesionales mantener la credibilidad de SISTEMA S.A.<\/span><\/p>\n<p class=\"p1\"><b>3.5. Confidencialidad y protecci\u00f3n de la informaci\u00f3n.<span class=\"Apple-converted-space\">\u00a0<\/span><\/b><\/p>\n<p class=\"p1\">Se respeta la privacidad de todas las partes vinculadas a la empresa, evitando el uso inadecuado de la informaci\u00f3n proporcionada, asimismo, en este contexto es necesario el cumplimiento de la legislaci\u00f3n de protecci\u00f3n de la informaci\u00f3n confidencial.<span class=\"Apple-converted-space\">\u00a0<\/span><\/p>\n<p class=\"p1\"><b>3.6. Seguridad y salud laboral.<span class=\"Apple-converted-space\">\u00a0<\/span><\/b><\/p>\n<p class=\"p1\">Las condiciones de trabajo son imprescindibles para el desarrollo de las funciones de los profesionales, por los que trabaja continuamente en mejorar, as, ofrecer las mejores condiciones de seguridad y salud laboral de los profesionales.<span class=\"Apple-converted-space\">\u00a0<\/span><\/p>\n<p class=\"p1\">En SISTEMA S.A. se toman los siguientes compromisos:<span class=\"Apple-converted-space\">\u00a0<\/span><\/p>\n<ol class=\"ol1\">\n<li class=\"li7\">a. Cumplir la legislaci\u00f3n respectiva de la seguridad y salud laboral.<span class=\"Apple-converted-space\">\u00a0<\/span><\/li>\n<li class=\"li7\">b. Generar, cumplir y mantener un modelo de prevenci\u00f3n de los riesgos laborales, en las actividades de SISTEMA S.A.<span class=\"Apple-converted-space\">\u00a0<\/span><\/li>\n<li class=\"li1\">c. Formar a los profesionales sobre el plan de seguridad y salud laboral.<span class=\"Apple-converted-space\">\u00a0<\/span><\/li>\n<\/ol>\n<p class=\"p1\">El plan de Seguridad y Salud Laboral es obligatorio cumplimiento para Todos los profesionales de SISTEMA S.A.<span class=\"Apple-converted-space\">\u00a0<\/span><\/p>\n<p class=\"p1\"><b>3.7. Medio ambiente.<span class=\"Apple-converted-space\">\u00a0<\/span><\/b><\/p>\n<p class=\"p1\">El uso responsable de los recursos del planeta es responsabilidad de todos sus habitantes, por lo que, en SISTEMA S.A. se fomenta el uso responsable de los recursos naturales.<span class=\"Apple-converted-space\">\u00a0<\/span><\/p>\n<p class=\"p1\">SISTEMA S.A. fomenta:<span class=\"Apple-converted-space\">\u00a0<\/span><\/p>\n<ol class=\"ol1\">\n<li class=\"li7\">a. El reciclaje y gesti\u00f3n de residuos.<span class=\"Apple-converted-space\">\u00a0<\/span><\/li>\n<li class=\"li7\">b. Ahorro energ\u00e9tico.<span class=\"Apple-converted-space\">\u00a0<\/span><\/li>\n<li class=\"li1\">c. Ahorro en consumibles.<span class=\"Apple-converted-space\">\u00a0<\/span><\/li>\n<\/ol>\n<p class=\"p1\">Estos principios son incluidos, tanto en los departamentos administrativos y t\u00e9cnicos, como en los proyectos elaborados, para su implementaci\u00f3n en diversos \u00e1mbitos.<span class=\"Apple-converted-space\">\u00a0<\/span><\/p>\n<p class=\"p1\"><b>3.8. Prevenci\u00f3n de delitos.<span class=\"Apple-converted-space\">\u00a0<\/span><\/b><\/p>\n<p class=\"p1\">No es permitido el desarrollo de ninguna actividad sospecha de su legalidad. De esta manera evitar la infracci\u00f3n de la protecci\u00f3n de la propiedad intelectual de distintos organismos o empresas.<span class=\"Apple-converted-space\">\u00a0<\/span><\/p>\n<p class=\"p1\">Es ilegal la descarga sin permiso de archivos protegidos por Copyright y atenta contra la pol\u00edtica de SISTEMA S.A. Siendo posible la imposici\u00f3n de sanciones legales y econ\u00f3micas.<span class=\"Apple-converted-space\">\u00a0<\/span><\/p>\n<p class=\"p1\"><b>4. C\u00d3DIGO DE CONDUCTA<span class=\"Apple-converted-space\">\u00a0<\/span><\/b><\/p>\n<p class=\"p1\">En este c\u00f3digo se definen las pautas y modelos de comportamiento que se deben asumir:<span class=\"Apple-converted-space\">\u00a0<\/span><\/p>\n<ol class=\"ol1\">\n<li class=\"li2\">Los profesionales de SISTEMA S.A. deben comprometerse a mantener entre ellos, respeto, cortes\u00eda y profesionalidad.<span class=\"Apple-converted-space\">\u00a0<\/span><\/li>\n<li class=\"li2\">La informaci\u00f3n confidencial, tanto de clientes, socios o empleados, en ning\u00fan caso debe ser utilizada sin consentimiento, cedida ni vendida con usos diferentes a los acordados.<span class=\"Apple-converted-space\">\u00a0<\/span><\/li>\n<li class=\"li2\">Todos los profesionales se comprometen a asumir tanto los derechos como obligaciones de su condici\u00f3n profesional.<span class=\"Apple-converted-space\">\u00a0<\/span><\/li>\n<li class=\"li2\">Todos los socios y profesionales deben abstenerse de pr\u00e1cticas con cualquier perjuicio a la reputaci\u00f3n de SISTEMA S.A.<span class=\"Apple-converted-space\">\u00a0<\/span><\/li>\n<li class=\"li2\">Los profesionales de SISTEMA S.A deben actuar de forma \u00edntegra con los clientes y socios, con el fin de obtener la mayor calidad posible en los servicios.<span class=\"Apple-converted-space\">\u00a0<\/span><\/li>\n<li class=\"li2\">La relaci\u00f3n establecida con los clientes y socios debe ser basada en el respeto, veracidad, honradez, integridad, el compromiso y la transparencia.<span class=\"Apple-converted-space\">\u00a0<\/span><\/li>\n<li class=\"li2\">Cualquier organismo o persona f\u00edsica con acceso a informaci\u00f3n de SISTEMA S.A o alguno de sus socios, har\u00e1n un uso adecuado de dicha informaci\u00f3n, respetando la confidencialidad y respetando la finalidad por la que se le ha facilitado acceso.<span class=\"Apple-converted-space\">\u00a0<\/span><\/li>\n<li class=\"li2\">Los empleados deben mostrar una actitud respetuosa, positiva y comunicativa para conseguir un ambiente laboral positivo.<span class=\"Apple-converted-space\">\u00a0<\/span><\/li>\n<li class=\"li2\">Todos los miembros o vinculados a SISTEMA S.A. deben cumplir estrictamente la legalidad.<span class=\"Apple-converted-space\">\u00a0<\/span><\/li>\n<li class=\"li1\">Cualquier persona que detecte incumplimiento del c\u00f3digo \u00e9tico o de conducta debe informar de ello a SISTEMA. S.A.<span class=\"Apple-converted-space\">\u00a0<\/span><\/li>\n<\/ol>\n<p class=\"p1\"><b>5. IMPLEMENTACI\u00d3N, COMUNICACI\u00d3N Y SEGUIMIENTO<span class=\"Apple-converted-space\">\u00a0<\/span><\/b><\/p>\n<p class=\"p1\">Con la finalidad del cumplimiento, comprensi\u00f3n, aplicaci\u00f3n y seguimiento del C\u00f3digo \u00c9tico y de conducta, SISTEMA S.A. se encomienda:<span class=\"Apple-converted-space\">\u00a0<\/span><\/p>\n<ol class=\"ol1\">\n<li class=\"li2\">Promover su difusi\u00f3n.<span class=\"Apple-converted-space\">\u00a0<\/span><\/li>\n<li class=\"li2\">Resolver las consultas formuladas.<span class=\"Apple-converted-space\">\u00a0<\/span><\/li>\n<li class=\"li2\">Garantizar las coherencia entre la pol\u00edtica de empresa y el C\u00f3digo \u00c9tico y de Conducta.<span class=\"Apple-converted-space\">\u00a0<\/span><\/li>\n<li class=\"li1\">Verificaci\u00f3n de cumplimiento.<span class=\"Apple-converted-space\">\u00a0<\/span><\/li>\n<li class=\"li1\">Garantizar la comunicaci\u00f3n eficaz, para el control de cumplimiento del C\u00f3digo \u00c9tico y de Conducta.<span class=\"Apple-converted-space\">\u00a0<\/span><\/li>\n<li class=\"li1\">Investigar las posibles infracciones.<span class=\"Apple-converted-space\">\u00a0<\/span><\/li>\n<li class=\"li1\">Toma de decisiones en caso de incumplimiento del C\u00f3digo \u00c9tico y de Conducta.<span class=\"Apple-converted-space\">\u00a0<\/span><\/li>\n<\/ol>\n","protected":false},"excerpt":{"rendered":"<p>1. C\u00d3DIGO \u00c9TICO Y DE CONDUCTA\u00a0 El C\u00f3digo \u00c9tico y de conducta, tiene como finalidad propagar a los empleados, clientes y socios, los principales valores de SISTEMA S.A. para\u00a0el desarrollo de su actividad.\u00a0 La empresa SISTEMA S.A. desde sus inicios, su reto es contribuir los servicios adecuados y necesarios para sus empleados, clientes y socios.\u00a0 [&hellip;]<\/p>\n","protected":false},"author":1,"featured_media":-1,"parent":73993,"menu_order":3,"comment_status":"closed","ping_status":"closed","template":"","meta":{"_acf_changed":false,"footnotes":""},"acf":[],"_links":{"self":[{"href":"https:\/\/www.sistemaingenieria.com\/pt\/wp-json\/wp\/v2\/pages\/76131"}],"collection":[{"href":"https:\/\/www.sistemaingenieria.com\/pt\/wp-json\/wp\/v2\/pages"}],"about":[{"href":"https:\/\/www.sistemaingenieria.com\/pt\/wp-json\/wp\/v2\/types\/page"}],"author":[{"embeddable":true,"href":"https:\/\/www.sistemaingenieria.com\/pt\/wp-json\/wp\/v2\/users\/1"}],"replies":[{"embeddable":true,"href":"https:\/\/www.sistemaingenieria.com\/pt\/wp-json\/wp\/v2\/comments?post=76131"}],"version-history":[{"count":0,"href":"https:\/\/www.sistemaingenieria.com\/pt\/wp-json\/wp\/v2\/pages\/76131\/revisions"}],"up":[{"embeddable":true,"href":"https:\/\/www.sistemaingenieria.com\/pt\/wp-json\/wp\/v2\/pages\/73993"}],"wp:featuredmedia":[{"embeddable":true,"href":"https:\/\/www.sistemaingenieria.com\/pt\/wp-json\/"}],"wp:attachment":[{"href":"https:\/\/www.sistemaingenieria.com\/pt\/wp-json\/wp\/v2\/media?parent=76131"}],"curies":[{"name":"wp","href":"https:\/\/api.w.org\/{rel}","templated":true}]}}