{"id":76289,"date":"2023-12-26T16:58:50","date_gmt":"2023-12-26T16:58:50","guid":{"rendered":"https:\/\/www.sistemaingenieria.com\/?page_id=76289"},"modified":"2026-02-05T10:05:44","modified_gmt":"2026-02-05T10:05:44","slug":"fondos-feder","status":"publish","type":"page","link":"https:\/\/www.sistemaingenieria.com\/pt\/fondos-feder\/","title":{"rendered":"(Espa\u00f1ol) Fondos Feder"},"content":{"rendered":"<div class=\"wpb-content-wrapper\"><p>[vc_row][vc_column][vc_column_text css=&#8221;&#8221;]<\/p>\n<p><img loading=\"lazy\" decoding=\"async\" class=\"aligncenter size-full wp-image-76290\" src=\"http:\/\/www.sistemaingenieria.com\/wp-content\/uploads\/2023\/12\/Cartel-reactivacion-pymes-2021-2022_SISTEMApdf_pdf.jpg\" alt=\"\" width=\"1347\" height=\"892\" srcset=\"https:\/\/www.sistemaingenieria.com\/wp-content\/uploads\/2023\/12\/Cartel-reactivacion-pymes-2021-2022_SISTEMApdf_pdf.jpg 1347w, https:\/\/www.sistemaingenieria.com\/wp-content\/uploads\/2023\/12\/Cartel-reactivacion-pymes-2021-2022_SISTEMApdf_pdf-300x199.jpg 300w, https:\/\/www.sistemaingenieria.com\/wp-content\/uploads\/2023\/12\/Cartel-reactivacion-pymes-2021-2022_SISTEMApdf_pdf-768x509.jpg 768w, https:\/\/www.sistemaingenieria.com\/wp-content\/uploads\/2023\/12\/Cartel-reactivacion-pymes-2021-2022_SISTEMApdf_pdf-1024x678.jpg 1024w\" sizes=\"(max-width: 1347px) 100vw, 1347px\" \/><\/p>\n\n<figure><\/figure>\n<figure><\/figure>\n<figure class=\"wp-block-image size-large is-resized\"><img decoding=\"async\" style=\"aspect-ratio: 1; width: 840px; height: auto; margin: 50px 0px 0px 0px;\" src=\"http:\/\/www.sistemaingenieria.com\/wp-content\/uploads\/2026\/02\/Placa-FEDER_v2-scaled.jpg\" alt=\"\" \/><\/figure>\n\n<p>&nbsp;<\/p>\n<p><strong>PROYECTO DISE\u00d1O Y DESARROLLO DE SISTEMA DE DETECCI\u00d3N DE DA\u00d1OS EN CARRETERA BASADO EN IA MEDIANTE DRON.<\/strong><\/p>\n<p>El objetivo del proyecto plantea un sistema de inspecci\u00f3n con dron que, mediante inteligencia artificial, detecte y localice (por tramos y posici\u00f3n) las patolog\u00edas del firme para planificar reparaciones y mantenimiento de forma m\u00e1s segura, econ\u00f3mica, r\u00e1pida y con menor impacto.<\/p>\n<p>Los objetivos t\u00e9cnicos principales incluyen: automatizar el vuelo y la captura con verificaci\u00f3n en tiempo real para evitar interferencias del tr\u00e1fico; incorporar LiDAR para levantamientos y correlaci\u00f3n de irregularidades con defectos visuales, intentando estimar el IRI desde el dron; a\u00f1adir posicionamiento RTK; desarrollar un motor de Machine Learning para diagn\u00f3stico y prognosis del deterioro (anticipar cu\u00e1ndo reasfaltar); estudiar la integraci\u00f3n de georradar para identificar causas subyacentes (capas, humedad, cavidades, etc.); realizar el volcado autom\u00e1tico a BIM; y generar informes de evoluci\u00f3n temporal para seguimiento de las patolog\u00edas y deformaciones.<\/p>\n<p><span data-olk-copy-source=\"MessageBody\">Este proyecto se ejecuta en Canarias, m\u00e1s concretamente en la isla de Gran Canaria, en la localidad de Las Palmas de Gran Canaria.<\/span><\/p>\n<p>Como resultado del proyecto, se ha desarrollado y validado un primer prototipo funcional capaz de realizar inspecciones de firmes mediante dron, combinando captura de datos, georreferenciaci\u00f3n y an\u00e1lisis basado en inteligencia artificial. El sistema ha demostrado su capacidad para detectar y localizar de forma autom\u00e1tica diferentes tipos de da\u00f1os superficiales en la carretera, generando informaci\u00f3n estructurada que facilita la toma de decisiones en mantenimiento. Asimismo, se ha comprobado la viabilidad de integrar los datos obtenidos en entornos digitales para su an\u00e1lisis temporal y su futura conexi\u00f3n con sistemas de gesti\u00f3n de infraestructuras, sentando las bases para una inspecci\u00f3n m\u00e1s eficiente, segura y sostenible de la red viaria.<\/p>\n<p>&nbsp;<\/p>\n<p><img decoding=\"async\" class=\"aligncenter\" src=\"https:\/\/encrypted-tbn0.gstatic.com\/images?q=tbn:ANd9GcSwecuzr6mDmMPYQ2h2OrC_yuTTInAohhLtug&amp;s\" alt=\"https:\/\/encrypted-tbn0.gstatic.com\/images?q=tbn:ANd9GcSwecuzr6mDmMPYQ2h2OrC_yuTTInAohhLtug&amp;s\" \/><\/p>\n<p>[\/vc_column_text][\/vc_column][\/vc_row]<\/p>\n<\/div>","protected":false},"excerpt":{"rendered":"<p>[vc_row][vc_column][vc_column_text css=&#8221;&#8221;] &nbsp; PROYECTO DISE\u00d1O Y DESARROLLO DE SISTEMA DE DETECCI\u00d3N DE DA\u00d1OS EN CARRETERA BASADO EN IA MEDIANTE DRON. El objetivo del proyecto plantea un sistema de inspecci\u00f3n con dron que, mediante inteligencia artificial, detecte y localice (por tramos y posici\u00f3n) las patolog\u00edas del firme para planificar reparaciones y mantenimiento de forma m\u00e1s segura, [&hellip;]<\/p>\n","protected":false},"author":1,"featured_media":-1,"parent":0,"menu_order":0,"comment_status":"closed","ping_status":"closed","template":"","meta":{"_acf_changed":false,"footnotes":""},"acf":[],"_links":{"self":[{"href":"https:\/\/www.sistemaingenieria.com\/pt\/wp-json\/wp\/v2\/pages\/76289"}],"collection":[{"href":"https:\/\/www.sistemaingenieria.com\/pt\/wp-json\/wp\/v2\/pages"}],"about":[{"href":"https:\/\/www.sistemaingenieria.com\/pt\/wp-json\/wp\/v2\/types\/page"}],"author":[{"embeddable":true,"href":"https:\/\/www.sistemaingenieria.com\/pt\/wp-json\/wp\/v2\/users\/1"}],"replies":[{"embeddable":true,"href":"https:\/\/www.sistemaingenieria.com\/pt\/wp-json\/wp\/v2\/comments?post=76289"}],"version-history":[{"count":5,"href":"https:\/\/www.sistemaingenieria.com\/pt\/wp-json\/wp\/v2\/pages\/76289\/revisions"}],"predecessor-version":[{"id":76508,"href":"https:\/\/www.sistemaingenieria.com\/pt\/wp-json\/wp\/v2\/pages\/76289\/revisions\/76508"}],"wp:featuredmedia":[{"embeddable":true,"href":"https:\/\/www.sistemaingenieria.com\/pt\/wp-json\/"}],"wp:attachment":[{"href":"https:\/\/www.sistemaingenieria.com\/pt\/wp-json\/wp\/v2\/media?parent=76289"}],"curies":[{"name":"wp","href":"https:\/\/api.w.org\/{rel}","templated":true}]}}